{"id":1337,"date":"2025-02-04T11:08:05","date_gmt":"2025-02-04T11:08:05","guid":{"rendered":"https:\/\/mediumpurple-lark-915532.hostingersite.com\/?page_id=1337"},"modified":"2026-01-15T13:55:08","modified_gmt":"2026-01-15T13:55:08","slug":"clases-surf-gran-canaria","status":"publish","type":"page","link":"https:\/\/www.southcoastsurfschool.com\/es\/clases-surf-gran-canaria\/","title":{"rendered":"Nuestra escuela de Surf en Gran Canaria"},"content":{"rendered":"\t\t<div data-elementor-type=\"wp-page\" data-elementor-id=\"1337\" class=\"elementor elementor-1337\" data-elementor-post-type=\"page\">\n\t\t\t\t<div class=\"elementor-element elementor-element-f7b4da1 e-flex e-con-boxed e-con e-parent\" data-id=\"f7b4da1\" data-element_type=\"container\" data-e-type=\"container\" data-settings=\"{&quot;background_background&quot;:&quot;classic&quot;}\">\n\t\t\t\t\t<div class=\"e-con-inner\">\n\t\t\t\t<div class=\"elementor-element elementor-element-b26bf3c elementor-widget elementor-widget-heading\" data-id=\"b26bf3c\" data-element_type=\"widget\" data-e-type=\"widget\" data-widget_type=\"heading.default\">\n\t\t\t\t<div class=\"elementor-widget-container\">\n\t\t\t\t\t<h1 class=\"elementor-heading-title elementor-size-default\">Nuestra escuela de <b>Surf en Maspalomas<\/b><\/h1>\t\t\t\t<\/div>\n\t\t\t\t<\/div>\n\t\t\t\t\t<\/div>\n\t\t\t\t<\/div>\n\t\t<div class=\"elementor-element elementor-element-c1639ac e-flex e-con-boxed e-con e-parent\" data-id=\"c1639ac\" data-element_type=\"container\" data-e-type=\"container\" data-settings=\"{&quot;background_background&quot;:&quot;classic&quot;}\">\n\t\t\t\t\t<div class=\"e-con-inner\">\n\t\t\t\t<div class=\"elementor-element elementor-element-8316972 elementor-widget elementor-widget-spacer\" data-id=\"8316972\" data-element_type=\"widget\" data-e-type=\"widget\" data-widget_type=\"spacer.default\">\n\t\t\t\t<div class=\"elementor-widget-container\">\n\t\t\t\t\t\t\t<div class=\"elementor-spacer\">\n\t\t\t<div class=\"elementor-spacer-inner\"><\/div>\n\t\t<\/div>\n\t\t\t\t\t\t<\/div>\n\t\t\t\t<\/div>\n\t\t\t\t\t<\/div>\n\t\t\t\t<\/div>\n\t\t<div class=\"elementor-element elementor-element-04ad3d7 e-flex e-con-boxed e-con e-parent\" data-id=\"04ad3d7\" data-element_type=\"container\" data-e-type=\"container\" data-settings=\"{&quot;background_background&quot;:&quot;classic&quot;}\">\n\t\t\t\t\t<div class=\"e-con-inner\">\n\t\t<div class=\"elementor-element elementor-element-590c5e8 e-flex e-con-boxed e-con e-child\" data-id=\"590c5e8\" data-element_type=\"container\" data-e-type=\"container\">\n\t\t\t\t\t<div class=\"e-con-inner\">\n\t\t\t\t<div class=\"elementor-element elementor-element-1725b81 elementor-widget elementor-widget-heading\" data-id=\"1725b81\" data-element_type=\"widget\" data-e-type=\"widget\" data-widget_type=\"heading.default\">\n\t\t\t\t<div class=\"elementor-widget-container\">\n\t\t\t\t\t<h2 class=\"elementor-heading-title elementor-size-default\"><small>Fundador de <\/small><br><b>South Coast Surf School<\/b><\/h2>\t\t\t\t<\/div>\n\t\t\t\t<\/div>\n\t\t\t\t<div class=\"elementor-element elementor-element-67d9b5c elementor-widget elementor-widget-text-editor\" data-id=\"67d9b5c\" data-element_type=\"widget\" data-e-type=\"widget\" data-widget_type=\"text-editor.default\">\n\t\t\t\t<div class=\"elementor-widget-container\">\n\t\t\t\t\t\t\t\t\t<p>Mi nombre es Daniel, fundador de la <strong><a href=\"https:\/\/mediumpurple-lark-915532.hostingersite.com\/es\/\">Surf School Maspalomas<\/a><\/strong>. Desde muy joven, he estado muy unido al mar, su grandeza, energ\u00eda y su inmenso poder me atraparon desde el primer momento, llev\u00e1ndome a practicar surf, un deporte que hoy no solo es mi mayor pasi\u00f3n, sino que tambi\u00e9n ha marcado la persona que soy.<\/p><p>Con m\u00e1s de 35 a\u00f1os surfeando en diferentes partes del mundo, he aprendido que el surf no es solo un deporte, sino una forma de vida que nos ense\u00f1a a respetar y a conectar con la naturaleza. En <strong>South Coast Surf School<\/strong>, adem\u00e1s de ense\u00f1arte a surfear, tambi\u00e9n aprender\u00e1s a disfrutar del mar con respeto y pasi\u00f3n. Para m\u00ed, los valores como la honestidad, la empat\u00eda, la paciencia y el respeto son fundamentales, tanto dentro como fuera del agua.<\/p>\t\t\t\t\t\t\t\t<\/div>\n\t\t\t\t<\/div>\n\t\t\t\t\t<\/div>\n\t\t\t\t<\/div>\n\t\t\t\t<div class=\"elementor-element elementor-element-3108383 elementor-widget elementor-widget-image\" data-id=\"3108383\" data-element_type=\"widget\" data-e-type=\"widget\" data-widget_type=\"image.default\">\n\t\t\t\t<div class=\"elementor-widget-container\">\n\t\t\t\t\t\t\t\t\t\t\t\t\t\t\t<img fetchpriority=\"high\" decoding=\"async\" width=\"1500\" height=\"900\" src=\"https:\/\/www.southcoastsurfschool.com\/wp-content\/uploads\/southcoast-dani.jpg\" class=\"attachment-full size-full wp-image-427\" alt=\"escuela de surf en maspalomas\" srcset=\"https:\/\/www.southcoastsurfschool.com\/wp-content\/uploads\/southcoast-dani.jpg 1500w, https:\/\/www.southcoastsurfschool.com\/wp-content\/uploads\/southcoast-dani-600x360.jpg 600w, https:\/\/www.southcoastsurfschool.com\/wp-content\/uploads\/southcoast-dani-1200x720.jpg 1200w, https:\/\/www.southcoastsurfschool.com\/wp-content\/uploads\/southcoast-dani-768x461.jpg 768w\" sizes=\"(max-width: 1500px) 100vw, 1500px\" \/>\t\t\t\t\t\t\t\t\t\t\t\t\t\t\t<\/div>\n\t\t\t\t<\/div>\n\t\t\t\t\t<\/div>\n\t\t\t\t<\/div>\n\t\t<div class=\"elementor-element elementor-element-5257fe9 e-flex e-con-boxed e-con e-parent\" data-id=\"5257fe9\" data-element_type=\"container\" data-e-type=\"container\" data-settings=\"{&quot;background_background&quot;:&quot;classic&quot;}\">\n\t\t\t\t\t<div class=\"e-con-inner\">\n\t\t\t\t<div class=\"elementor-element elementor-element-4c4a72b elementor-widget elementor-widget-spacer\" data-id=\"4c4a72b\" data-element_type=\"widget\" data-e-type=\"widget\" data-widget_type=\"spacer.default\">\n\t\t\t\t<div class=\"elementor-widget-container\">\n\t\t\t\t\t\t\t<div class=\"elementor-spacer\">\n\t\t\t<div class=\"elementor-spacer-inner\"><\/div>\n\t\t<\/div>\n\t\t\t\t\t\t<\/div>\n\t\t\t\t<\/div>\n\t\t\t\t\t<\/div>\n\t\t\t\t<\/div>\n\t\t<div class=\"elementor-element elementor-element-1f548f0 e-flex e-con-boxed e-con e-parent\" data-id=\"1f548f0\" data-element_type=\"container\" data-e-type=\"container\" data-settings=\"{&quot;background_background&quot;:&quot;classic&quot;}\">\n\t\t\t\t\t<div class=\"e-con-inner\">\n\t\t<div class=\"elementor-element elementor-element-4a37000 e-con-full e-flex e-con e-child\" data-id=\"4a37000\" data-element_type=\"container\" data-e-type=\"container\">\n\t\t\t\t<div class=\"elementor-element elementor-element-0272947 elementor-widget elementor-widget-image\" data-id=\"0272947\" data-element_type=\"widget\" data-e-type=\"widget\" data-widget_type=\"image.default\">\n\t\t\t\t<div class=\"elementor-widget-container\">\n\t\t\t\t\t\t\t\t\t\t\t\t\t\t\t<img decoding=\"async\" width=\"1920\" height=\"1080\" src=\"https:\/\/www.southcoastsurfschool.com\/wp-content\/uploads\/southcoast-surf-group-header.jpg\" class=\"attachment-full size-full wp-image-527\" alt=\"escuela de surf en maspalomas\" srcset=\"https:\/\/www.southcoastsurfschool.com\/wp-content\/uploads\/southcoast-surf-group-header.jpg 1920w, https:\/\/www.southcoastsurfschool.com\/wp-content\/uploads\/southcoast-surf-group-header-600x338.jpg 600w, https:\/\/www.southcoastsurfschool.com\/wp-content\/uploads\/southcoast-surf-group-header-1200x675.jpg 1200w, https:\/\/www.southcoastsurfschool.com\/wp-content\/uploads\/southcoast-surf-group-header-768x432.jpg 768w, https:\/\/www.southcoastsurfschool.com\/wp-content\/uploads\/southcoast-surf-group-header-1536x864.jpg 1536w\" sizes=\"(max-width: 1920px) 100vw, 1920px\" \/>\t\t\t\t\t\t\t\t\t\t\t\t\t\t\t<\/div>\n\t\t\t\t<\/div>\n\t\t\t\t<\/div>\n\t\t<div class=\"elementor-element elementor-element-a402510 e-con-full e-flex e-con e-child\" data-id=\"a402510\" data-element_type=\"container\" data-e-type=\"container\">\n\t\t\t\t<div class=\"elementor-element elementor-element-d9bc8e4 elementor-widget elementor-widget-heading\" data-id=\"d9bc8e4\" data-element_type=\"widget\" data-e-type=\"widget\" data-widget_type=\"heading.default\">\n\t\t\t\t<div class=\"elementor-widget-container\">\n\t\t\t\t\t<h3 class=\"elementor-heading-title elementor-size-default\">\u00bfPor qu\u00e9 eleg\u00ed Gran Canaria para mi escuela de Surf?<\/h3>\t\t\t\t<\/div>\n\t\t\t\t<\/div>\n\t\t\t\t<div class=\"elementor-element elementor-element-16f40b5 elementor-widget elementor-widget-text-editor\" data-id=\"16f40b5\" data-element_type=\"widget\" data-e-type=\"widget\" data-widget_type=\"text-editor.default\">\n\t\t\t\t<div class=\"elementor-widget-container\">\n\t\t\t\t\t\t\t\t\t<p>Gran Canaria es un lugar \u00fanico, con playas incre\u00edbles y olas perfectas para aprender y disfrutar del surf. Despu\u00e9s de viajar y surfear por diferentes mares por todo el mundo, decid\u00ed que Maspalomas ser\u00eda el lugar perfecto donde abrir mi escuela.<\/p><p>Aqu\u00ed, en el sur de Gran Canaria, las condiciones son ideales para todo tipo de surfers, desde los principiantes en el deporte hasta los m\u00e1s experimentados. En <strong>South Coast Surf School<\/strong>, te ofrezco no solo clases de surf de alta calidad, sino tambi\u00e9n una experiencia aut\u00e9ntica, rodeado de naturaleza y en un ambiente amigable y cercano.<\/p>\t\t\t\t\t\t\t\t<\/div>\n\t\t\t\t<\/div>\n\t\t\t\t<\/div>\n\t\t\t\t\t<\/div>\n\t\t\t\t<\/div>\n\t\t<div class=\"elementor-element elementor-element-29f0070 e-flex e-con-boxed e-con e-parent\" data-id=\"29f0070\" data-element_type=\"container\" data-e-type=\"container\">\n\t\t\t\t\t<div class=\"e-con-inner\">\n\t\t<div class=\"elementor-element elementor-element-9a84350 e-con-full e-flex e-con e-child\" data-id=\"9a84350\" data-element_type=\"container\" data-e-type=\"container\">\n\t\t\t\t<div class=\"elementor-element elementor-element-e01599b elementor-widget elementor-widget-heading\" data-id=\"e01599b\" data-element_type=\"widget\" data-e-type=\"widget\" data-widget_type=\"heading.default\">\n\t\t\t\t<div class=\"elementor-widget-container\">\n\t\t\t\t\t<h3 class=\"elementor-heading-title elementor-size-default\">El Surf es mucho m\u00e1s que un deporte<\/h3>\t\t\t\t<\/div>\n\t\t\t\t<\/div>\n\t\t\t\t<div class=\"elementor-element elementor-element-b754d99 elementor-widget elementor-widget-text-editor\" data-id=\"b754d99\" data-element_type=\"widget\" data-e-type=\"widget\" data-widget_type=\"text-editor.default\">\n\t\t\t\t<div class=\"elementor-widget-container\">\n\t\t\t\t\t\t\t\t\t<p>Un buen amigo siempre dice: \u201cEl agua es vida\u201d. Sin duda una frase muy acertada, puesto que para m\u00ed, surfear no solo es un deporte, sino que es una fuente de felicidad pura. Es esa sensaci\u00f3n de estar en el agua, el salitre en la piel, el viento en el rostro y la conexi\u00f3n con el mar que nos recuerda lo peque\u00f1os que somos en este mundo. Es por eso que cada <strong><a href=\"https:\/\/mediumpurple-lark-915532.hostingersite.com\/es\/clases-de-surf\/\">clase en nuestra escuela de surf en Maspalomas<\/a><\/strong> no solo te ense\u00f1a a surfear, sino a disfrutar de la vida en el mar.<\/p><p>En cada ola que surfe\u00f3 encuentro un recordatorio de todo lo que el surf me ha dado, la paciencia, la perseverancia, la humildad, y, sobre todo, la capacidad de disfrutar de cada momento. Y eso es lo que os quiero transmitir, m\u00e1s all\u00e1 de las t\u00e9cnicas y las maniobras, en <strong>South Coast Surf School<\/strong>, aprender\u00e1s a sentir y a respetar el mar, para que cada sesi\u00f3n de surf sea una experiencia transformadora.<\/p>\t\t\t\t\t\t\t\t<\/div>\n\t\t\t\t<\/div>\n\t\t\t\t<\/div>\n\t\t<div class=\"elementor-element elementor-element-f81d4e9 e-con-full e-flex e-con e-child\" data-id=\"f81d4e9\" data-element_type=\"container\" data-e-type=\"container\">\n\t\t\t\t<div class=\"elementor-element elementor-element-48d3afb elementor-widget elementor-widget-image\" data-id=\"48d3afb\" data-element_type=\"widget\" data-e-type=\"widget\" data-widget_type=\"image.default\">\n\t\t\t\t<div class=\"elementor-widget-container\">\n\t\t\t\t\t\t\t\t\t\t\t\t\t\t\t<img decoding=\"async\" width=\"1500\" height=\"1000\" src=\"https:\/\/www.southcoastsurfschool.com\/wp-content\/uploads\/southcoast-surfer-sunrise-riding-wave.jpg\" class=\"attachment-full size-full wp-image-412\" alt=\"rinding wave surfing gran canaria\" srcset=\"https:\/\/www.southcoastsurfschool.com\/wp-content\/uploads\/southcoast-surfer-sunrise-riding-wave.jpg 1500w, https:\/\/www.southcoastsurfschool.com\/wp-content\/uploads\/southcoast-surfer-sunrise-riding-wave-600x400.jpg 600w, https:\/\/www.southcoastsurfschool.com\/wp-content\/uploads\/southcoast-surfer-sunrise-riding-wave-1200x800.jpg 1200w, https:\/\/www.southcoastsurfschool.com\/wp-content\/uploads\/southcoast-surfer-sunrise-riding-wave-768x512.jpg 768w\" sizes=\"(max-width: 1500px) 100vw, 1500px\" \/>\t\t\t\t\t\t\t\t\t\t\t\t\t\t\t<\/div>\n\t\t\t\t<\/div>\n\t\t\t\t<\/div>\n\t\t\t\t\t<\/div>\n\t\t\t\t<\/div>\n\t\t<div class=\"elementor-element elementor-element-c6546d1 e-flex e-con-boxed e-con e-parent\" data-id=\"c6546d1\" data-element_type=\"container\" data-e-type=\"container\" data-settings=\"{&quot;background_background&quot;:&quot;classic&quot;}\">\n\t\t\t\t\t<div class=\"e-con-inner\">\n\t\t\t\t<div class=\"elementor-element elementor-element-c35843f elementor-widget elementor-widget-spacer\" data-id=\"c35843f\" data-element_type=\"widget\" data-e-type=\"widget\" data-widget_type=\"spacer.default\">\n\t\t\t\t<div class=\"elementor-widget-container\">\n\t\t\t\t\t\t\t<div class=\"elementor-spacer\">\n\t\t\t<div class=\"elementor-spacer-inner\"><\/div>\n\t\t<\/div>\n\t\t\t\t\t\t<\/div>\n\t\t\t\t<\/div>\n\t\t\t\t\t<\/div>\n\t\t\t\t<\/div>\n\t\t<div class=\"elementor-element elementor-element-dc4e4e7 e-flex e-con-boxed e-con e-parent\" data-id=\"dc4e4e7\" data-element_type=\"container\" data-e-type=\"container\" data-settings=\"{&quot;background_background&quot;:&quot;classic&quot;}\">\n\t\t\t\t\t<div class=\"e-con-inner\">\n\t\t\t\t<div class=\"elementor-element elementor-element-7dc88c7 elementor-widget__width-auto elementor-widget elementor-widget-heading\" data-id=\"7dc88c7\" data-element_type=\"widget\" data-e-type=\"widget\" data-widget_type=\"heading.default\">\n\t\t\t\t<div class=\"elementor-widget-container\">\n\t\t\t\t\t<h3 class=\"elementor-heading-title elementor-size-default\">\u00danete a nuestra familia del Surf<\/h3>\t\t\t\t<\/div>\n\t\t\t\t<\/div>\n\t\t\t\t<div class=\"elementor-element elementor-element-0fb4fa5 elementor-widget__width-initial elementor-widget elementor-widget-text-editor\" data-id=\"0fb4fa5\" data-element_type=\"widget\" data-e-type=\"widget\" data-widget_type=\"text-editor.default\">\n\t\t\t\t<div class=\"elementor-widget-container\">\n\t\t\t\t\t\t\t\t\t<p>Si buscas una <strong>escuela de surf en Maspalomas<\/strong> donde <a href=\"https:\/\/mediumpurple-lark-915532.hostingersite.com\/es\/clases-de-surf\/\">aprender\u00e1s a surfear<\/a> en un entorno cercano, profesional y lleno de pasi\u00f3n. <strong>South Coast Surf School<\/strong> es el lugar perfecto. Aqu\u00ed, aprender\u00e1s a dominar las olas y formar\u00e1s parte de una comunidad que valora el surf como un estilo de vida lleno de respeto, diversi\u00f3n y conexiones aut\u00e9nticas.<\/p>\t\t\t\t\t\t\t\t<\/div>\n\t\t\t\t<\/div>\n\t\t\t\t<div class=\"elementor-element elementor-element-def3b5e elementor-widget elementor-widget-text-editor\" data-id=\"def3b5e\" data-element_type=\"widget\" data-e-type=\"widget\" data-widget_type=\"text-editor.default\">\n\t\t\t\t<div class=\"elementor-widget-container\">\n\t\t\t\t\t\t\t\t\t<p>\u00a1Te espero en el agua para compartir juntos esta aventura!<\/p>\t\t\t\t\t\t\t\t<\/div>\n\t\t\t\t<\/div>\n\t\t\t\t<div class=\"elementor-element elementor-element-a69f6b6 elementor-align-center elementor-widget elementor-widget-button\" data-id=\"a69f6b6\" data-element_type=\"widget\" data-e-type=\"widget\" data-widget_type=\"button.default\">\n\t\t\t\t<div class=\"elementor-widget-container\">\n\t\t\t\t\t\t\t\t\t<div class=\"elementor-button-wrapper\">\n\t\t\t\t\t<a class=\"elementor-button elementor-button-link elementor-size-md elementor-animation-float\" href=\"https:\/\/mediumpurple-lark-915532.hostingersite.com\/es\/#clases\">\n\t\t\t\t\t\t<span class=\"elementor-button-content-wrapper\">\n\t\t\t\t\t\t\t\t\t<span class=\"elementor-button-text\">Contrata tu clase<\/span>\n\t\t\t\t\t<\/span>\n\t\t\t\t\t<\/a>\n\t\t\t\t<\/div>\n\t\t\t\t\t\t\t\t<\/div>\n\t\t\t\t<\/div>\n\t\t\t\t\t<\/div>\n\t\t\t\t<\/div>\n\t\t\t\t<\/div>\n\t\t","protected":false},"excerpt":{"rendered":"<p>Nuestra escuela de Surf en Maspalomas Fundador de South Coast Surf School Mi nombre es Daniel, fundador de la Surf School Maspalomas. Desde muy joven, he estado muy unido al mar, su grandeza, energ\u00eda y su inmenso poder me atraparon desde el primer momento, llev\u00e1ndome a practicar surf, un deporte que hoy no solo es [&hellip;]<\/p>\n","protected":false},"author":2,"featured_media":0,"parent":0,"menu_order":0,"comment_status":"closed","ping_status":"closed","template":"","meta":{"footnotes":""},"class_list":["post-1337","page","type-page","status-publish","hentry"],"yoast_head":"<!-- This site is optimized with the Yoast SEO Premium plugin v27.4 (Yoast SEO v27.4) - https:\/\/yoast.com\/product\/yoast-seo-premium-wordpress\/ -->\n<title>Surf School Gran Canaria | South Coast Surf School<\/title>\n<meta name=\"description\" content=\"Descubre nuestra Surf School Gran Canaria. Clases para todos los niveles, rodeado de naturaleza y un ambiente cercano. \u00a1Reserva tu plaza hoy!\" \/>\n<meta name=\"robots\" content=\"index, follow, max-snippet:-1, max-image-preview:large, max-video-preview:-1\" \/>\n<link rel=\"canonical\" href=\"https:\/\/www.southcoastsurfschool.com\/our-surf-school-in-gran-canaria\/\" \/>\n<meta property=\"og:locale\" content=\"es_ES\" \/>\n<meta property=\"og:type\" content=\"article\" \/>\n<meta property=\"og:title\" content=\"Nuestra escuela de Surf en Gran Canaria\" \/>\n<meta property=\"og:description\" content=\"Descubre nuestra Surf School Gran Canaria. Clases para todos los niveles, rodeado de naturaleza y un ambiente cercano. \u00a1Reserva tu plaza hoy!\" \/>\n<meta property=\"og:url\" content=\"https:\/\/www.southcoastsurfschool.com\/our-surf-school-in-gran-canaria\/\" \/>\n<meta property=\"og:site_name\" content=\"South Coast Surf School\" \/>\n<meta property=\"article:modified_time\" content=\"2026-01-15T13:55:08+00:00\" \/>\n<meta property=\"og:image\" content=\"https:\/\/www.southcoastsurfschool.com\/wp-content\/uploads\/southcoast-dani.jpg\" \/>\n<meta name=\"twitter:card\" content=\"summary_large_image\" \/>\n<meta name=\"twitter:label1\" content=\"Tiempo de lectura\" \/>\n\t<meta name=\"twitter:data1\" content=\"3 minutos\" \/>\n<script type=\"application\/ld+json\" class=\"yoast-schema-graph\">{\"@context\":\"https:\\\/\\\/schema.org\",\"@graph\":[{\"@type\":\"WebPage\",\"@id\":\"https:\\\/\\\/www.southcoastsurfschool.com\\\/our-surf-school-in-gran-canaria\\\/\",\"url\":\"https:\\\/\\\/www.southcoastsurfschool.com\\\/our-surf-school-in-gran-canaria\\\/\",\"name\":\"Surf School Gran Canaria | South Coast Surf School\",\"isPartOf\":{\"@id\":\"https:\\\/\\\/www.southcoastsurfschool.com\\\/#website\"},\"primaryImageOfPage\":{\"@id\":\"https:\\\/\\\/www.southcoastsurfschool.com\\\/our-surf-school-in-gran-canaria\\\/#primaryimage\"},\"image\":{\"@id\":\"https:\\\/\\\/www.southcoastsurfschool.com\\\/our-surf-school-in-gran-canaria\\\/#primaryimage\"},\"thumbnailUrl\":\"https:\\\/\\\/www.southcoastsurfschool.com\\\/wp-content\\\/uploads\\\/southcoast-dani.jpg\",\"datePublished\":\"2025-02-04T11:08:05+00:00\",\"dateModified\":\"2026-01-15T13:55:08+00:00\",\"description\":\"Descubre nuestra Surf School Gran Canaria. Clases para todos los niveles, rodeado de naturaleza y un ambiente cercano. \u00a1Reserva tu plaza hoy!\",\"breadcrumb\":{\"@id\":\"https:\\\/\\\/www.southcoastsurfschool.com\\\/our-surf-school-in-gran-canaria\\\/#breadcrumb\"},\"inLanguage\":\"es\",\"potentialAction\":[{\"@type\":\"ReadAction\",\"target\":[\"https:\\\/\\\/www.southcoastsurfschool.com\\\/our-surf-school-in-gran-canaria\\\/\"]}]},{\"@type\":\"ImageObject\",\"inLanguage\":\"es\",\"@id\":\"https:\\\/\\\/www.southcoastsurfschool.com\\\/our-surf-school-in-gran-canaria\\\/#primaryimage\",\"url\":\"https:\\\/\\\/www.southcoastsurfschool.com\\\/wp-content\\\/uploads\\\/southcoast-dani.jpg\",\"contentUrl\":\"https:\\\/\\\/www.southcoastsurfschool.com\\\/wp-content\\\/uploads\\\/southcoast-dani.jpg\"},{\"@type\":\"BreadcrumbList\",\"@id\":\"https:\\\/\\\/www.southcoastsurfschool.com\\\/our-surf-school-in-gran-canaria\\\/#breadcrumb\",\"itemListElement\":[{\"@type\":\"ListItem\",\"position\":1,\"name\":\"Portada\",\"item\":\"https:\\\/\\\/www.southcoastsurfschool.com\\\/es\\\/\"},{\"@type\":\"ListItem\",\"position\":2,\"name\":\"Nuestra escuela de Surf en Gran Canaria\"}]},{\"@type\":\"WebSite\",\"@id\":\"https:\\\/\\\/www.southcoastsurfschool.com\\\/#website\",\"url\":\"https:\\\/\\\/www.southcoastsurfschool.com\\\/\",\"name\":\"South Coast Surf School\",\"description\":\"Experience surfing in Gran Canaria\",\"publisher\":{\"@id\":\"https:\\\/\\\/www.southcoastsurfschool.com\\\/#organization\"},\"potentialAction\":[{\"@type\":\"SearchAction\",\"target\":{\"@type\":\"EntryPoint\",\"urlTemplate\":\"https:\\\/\\\/www.southcoastsurfschool.com\\\/?s={search_term_string}\"},\"query-input\":{\"@type\":\"PropertyValueSpecification\",\"valueRequired\":true,\"valueName\":\"search_term_string\"}}],\"inLanguage\":\"es\"},{\"@type\":\"Organization\",\"@id\":\"https:\\\/\\\/www.southcoastsurfschool.com\\\/#organization\",\"name\":\"South Coast Surf School\",\"url\":\"https:\\\/\\\/www.southcoastsurfschool.com\\\/\",\"logo\":{\"@type\":\"ImageObject\",\"inLanguage\":\"es\",\"@id\":\"https:\\\/\\\/www.southcoastsurfschool.com\\\/#\\\/schema\\\/logo\\\/image\\\/\",\"url\":\"https:\\\/\\\/www.southcoastsurfschool.com\\\/wp-content\\\/uploads\\\/2023\\\/06\\\/southcoast-logotipo.svg\",\"contentUrl\":\"https:\\\/\\\/www.southcoastsurfschool.com\\\/wp-content\\\/uploads\\\/2023\\\/06\\\/southcoast-logotipo.svg\",\"width\":500,\"height\":126,\"caption\":\"South Coast Surf School\"},\"image\":{\"@id\":\"https:\\\/\\\/www.southcoastsurfschool.com\\\/#\\\/schema\\\/logo\\\/image\\\/\"},\"sameAs\":[\"https:\\\/\\\/www.instagram.com\\\/southcoast.surfschool\\\/\"]}]}<\/script>\n<!-- \/ Yoast SEO Premium plugin. -->","yoast_head_json":{"title":"Surf School Gran Canaria | South Coast Surf School","description":"Descubre nuestra Surf School Gran Canaria. Clases para todos los niveles, rodeado de naturaleza y un ambiente cercano. \u00a1Reserva tu plaza hoy!","robots":{"index":"index","follow":"follow","max-snippet":"max-snippet:-1","max-image-preview":"max-image-preview:large","max-video-preview":"max-video-preview:-1"},"canonical":"https:\/\/www.southcoastsurfschool.com\/our-surf-school-in-gran-canaria\/","og_locale":"es_ES","og_type":"article","og_title":"Nuestra escuela de Surf en Gran Canaria","og_description":"Descubre nuestra Surf School Gran Canaria. Clases para todos los niveles, rodeado de naturaleza y un ambiente cercano. \u00a1Reserva tu plaza hoy!","og_url":"https:\/\/www.southcoastsurfschool.com\/our-surf-school-in-gran-canaria\/","og_site_name":"South Coast Surf School","article_modified_time":"2026-01-15T13:55:08+00:00","og_image":[{"url":"https:\/\/www.southcoastsurfschool.com\/wp-content\/uploads\/southcoast-dani.jpg","type":"","width":"","height":""}],"twitter_card":"summary_large_image","twitter_misc":{"Tiempo de lectura":"3 minutos"},"schema":{"@context":"https:\/\/schema.org","@graph":[{"@type":"WebPage","@id":"https:\/\/www.southcoastsurfschool.com\/our-surf-school-in-gran-canaria\/","url":"https:\/\/www.southcoastsurfschool.com\/our-surf-school-in-gran-canaria\/","name":"Surf School Gran Canaria | South Coast Surf School","isPartOf":{"@id":"https:\/\/www.southcoastsurfschool.com\/#website"},"primaryImageOfPage":{"@id":"https:\/\/www.southcoastsurfschool.com\/our-surf-school-in-gran-canaria\/#primaryimage"},"image":{"@id":"https:\/\/www.southcoastsurfschool.com\/our-surf-school-in-gran-canaria\/#primaryimage"},"thumbnailUrl":"https:\/\/www.southcoastsurfschool.com\/wp-content\/uploads\/southcoast-dani.jpg","datePublished":"2025-02-04T11:08:05+00:00","dateModified":"2026-01-15T13:55:08+00:00","description":"Descubre nuestra Surf School Gran Canaria. Clases para todos los niveles, rodeado de naturaleza y un ambiente cercano. \u00a1Reserva tu plaza hoy!","breadcrumb":{"@id":"https:\/\/www.southcoastsurfschool.com\/our-surf-school-in-gran-canaria\/#breadcrumb"},"inLanguage":"es","potentialAction":[{"@type":"ReadAction","target":["https:\/\/www.southcoastsurfschool.com\/our-surf-school-in-gran-canaria\/"]}]},{"@type":"ImageObject","inLanguage":"es","@id":"https:\/\/www.southcoastsurfschool.com\/our-surf-school-in-gran-canaria\/#primaryimage","url":"https:\/\/www.southcoastsurfschool.com\/wp-content\/uploads\/southcoast-dani.jpg","contentUrl":"https:\/\/www.southcoastsurfschool.com\/wp-content\/uploads\/southcoast-dani.jpg"},{"@type":"BreadcrumbList","@id":"https:\/\/www.southcoastsurfschool.com\/our-surf-school-in-gran-canaria\/#breadcrumb","itemListElement":[{"@type":"ListItem","position":1,"name":"Portada","item":"https:\/\/www.southcoastsurfschool.com\/es\/"},{"@type":"ListItem","position":2,"name":"Nuestra escuela de Surf en Gran Canaria"}]},{"@type":"WebSite","@id":"https:\/\/www.southcoastsurfschool.com\/#website","url":"https:\/\/www.southcoastsurfschool.com\/","name":"South Coast Surf School","description":"Experience surfing in Gran Canaria","publisher":{"@id":"https:\/\/www.southcoastsurfschool.com\/#organization"},"potentialAction":[{"@type":"SearchAction","target":{"@type":"EntryPoint","urlTemplate":"https:\/\/www.southcoastsurfschool.com\/?s={search_term_string}"},"query-input":{"@type":"PropertyValueSpecification","valueRequired":true,"valueName":"search_term_string"}}],"inLanguage":"es"},{"@type":"Organization","@id":"https:\/\/www.southcoastsurfschool.com\/#organization","name":"South Coast Surf School","url":"https:\/\/www.southcoastsurfschool.com\/","logo":{"@type":"ImageObject","inLanguage":"es","@id":"https:\/\/www.southcoastsurfschool.com\/#\/schema\/logo\/image\/","url":"https:\/\/www.southcoastsurfschool.com\/wp-content\/uploads\/2023\/06\/southcoast-logotipo.svg","contentUrl":"https:\/\/www.southcoastsurfschool.com\/wp-content\/uploads\/2023\/06\/southcoast-logotipo.svg","width":500,"height":126,"caption":"South Coast Surf School"},"image":{"@id":"https:\/\/www.southcoastsurfschool.com\/#\/schema\/logo\/image\/"},"sameAs":["https:\/\/www.instagram.com\/southcoast.surfschool\/"]}]}},"_links":{"self":[{"href":"https:\/\/www.southcoastsurfschool.com\/es\/wp-json\/wp\/v2\/pages\/1337","targetHints":{"allow":["GET"]}}],"collection":[{"href":"https:\/\/www.southcoastsurfschool.com\/es\/wp-json\/wp\/v2\/pages"}],"about":[{"href":"https:\/\/www.southcoastsurfschool.com\/es\/wp-json\/wp\/v2\/types\/page"}],"author":[{"embeddable":true,"href":"https:\/\/www.southcoastsurfschool.com\/es\/wp-json\/wp\/v2\/users\/2"}],"replies":[{"embeddable":true,"href":"https:\/\/www.southcoastsurfschool.com\/es\/wp-json\/wp\/v2\/comments?post=1337"}],"version-history":[{"count":0,"href":"https:\/\/www.southcoastsurfschool.com\/es\/wp-json\/wp\/v2\/pages\/1337\/revisions"}],"wp:attachment":[{"href":"https:\/\/www.southcoastsurfschool.com\/es\/wp-json\/wp\/v2\/media?parent=1337"}],"curies":[{"name":"wp","href":"https:\/\/api.w.org\/{rel}","templated":true}]}}